{"id":1290,"date":"2023-11-29T11:39:37","date_gmt":"2023-11-29T10:39:37","guid":{"rendered":"https:\/\/www.si-coatings.com\/coil-coating\/"},"modified":"2024-04-22T09:47:49","modified_gmt":"2024-04-22T07:47:49","slug":"coil-coating","status":"publish","type":"page","link":"https:\/\/www.si-coatings.com\/en\/products\/coil-coating\/","title":{"rendered":"Coil Coating"},"content":{"rendered":"<p>[et_pb_section fb_built=&#8221;1&#8243; _builder_version=&#8221;4.23.1&#8243; _module_preset=&#8221;default&#8221; use_background_color_gradient=&#8221;on&#8221; background_color_gradient_direction=&#8221;100deg&#8221; background_color_gradient_stops=&#8221;#005796 0%|rgba(49,170,225,0.7) 100%&#8221; background_color_gradient_overlays_image=&#8221;on&#8221; background_image=&#8221;https:\/\/www.si-coatings.com\/wp-content\/uploads\/sites\/4\/2024\/01\/1111.jpg&#8221; parallax=&#8221;on&#8221; custom_margin=&#8221;||||false|false&#8221; custom_padding=&#8221;||0px||false|false&#8221; global_colors_info=&#8221;{}&#8221;][et_pb_row column_structure=&#8221;1_2,1_2&#8243; make_equal=&#8221;on&#8221; _builder_version=&#8221;4.23.1&#8243; _module_preset=&#8221;default&#8221; global_colors_info=&#8221;{}&#8221;][et_pb_column type=&#8221;1_2&#8243; _builder_version=&#8221;4.23.1&#8243; _module_preset=&#8221;default&#8221; custom_padding=&#8221;1vw||4vw||false|false&#8221; custom_css_main_element=&#8221;align-self: center;&#8221; global_colors_info=&#8221;{}&#8221;][et_pb_text _builder_version=&#8221;4.23.1&#8243; _module_preset=&#8221;020e5167-42bf-4957-a2df-a8820b6f33ba&#8221; global_colors_info=&#8221;{}&#8221;]<\/p>\n<h1>Color mixing system for coil coating paints<\/h1>\n<p>[\/et_pb_text][et_pb_text _builder_version=&#8221;4.24.2&#8243; _module_preset=&#8221;e980db7c-b7fd-47d1-8a32-742e9d4c10e2&#8243; global_colors_info=&#8221;{}&#8221;]<\/p>\n<h2>Our company in Wuppertal offers you a special color mixing system for coil coaters. See our coil coating lacquers for yourself.<\/h2>\n<p>[\/et_pb_text][et_pb_button button_url=&#8221;#contact-coil-coating&#8221; button_text=&#8221;Contact us&#8221; _builder_version=&#8221;4.24.3&#8243; _module_preset=&#8221;0be41ba4-6ee6-4c64-bfaa-c75f9a71cefe&#8221; hover_enabled=&#8221;0&#8243; global_colors_info=&#8221;{}&#8221; sticky_enabled=&#8221;0&#8243;][\/et_pb_button][\/et_pb_column][et_pb_column type=&#8221;1_2&#8243; _builder_version=&#8221;4.23.1&#8243; _module_preset=&#8221;default&#8221; global_colors_info=&#8221;{}&#8221;][et_pb_image src=&#8221;https:\/\/www.si-coatings.com\/wp-content\/uploads\/sites\/4\/2023\/11\/coil-coating_rand.png&#8221; title_text=&#8221;coil-coating_edge&#8221; align=&#8221;right&#8221; admin_label=&#8221;Bild&#8221; _builder_version=&#8221;4.23.1&#8243; _module_preset=&#8221;default&#8221; width_tablet=&#8221;40%&#8221; width_phone=&#8221;30%&#8221; width_last_edited=&#8221;on|tablet&#8221; custom_margin=&#8221;2vw||-20vw||false|false&#8221; custom_margin_tablet=&#8221;-15vw||-10vw||false|false&#8221; custom_margin_phone=&#8221;-10vw||-20vw||false|false&#8221; custom_margin_last_edited=&#8221;on|phone&#8221; custom_padding=&#8221;||||false|false&#8221; animation_style=&#8221;roll&#8221; global_colors_info=&#8221;{}&#8221;][\/et_pb_image][\/et_pb_column][\/et_pb_row][\/et_pb_section][et_pb_section fb_built=&#8221;1&#8243; _builder_version=&#8221;4.23.1&#8243; _module_preset=&#8221;default&#8221; custom_padding=&#8221;5vw||||false|false&#8221; locked=&#8221;off&#8221; global_colors_info=&#8221;{}&#8221;][et_pb_row column_structure=&#8221;1_2,1_2&#8243; make_equal=&#8221;on&#8221; _builder_version=&#8221;4.23.1&#8243; _module_preset=&#8221;default&#8221; width_tablet=&#8221;85%&#8221; width_phone=&#8221;85%&#8221; width_last_edited=&#8221;on|tablet&#8221; global_colors_info=&#8221;{}&#8221; custom_css_main_element_last_edited=&#8221;on|tablet&#8221;][et_pb_column type=&#8221;1_2&#8243; _builder_version=&#8221;4.23.1&#8243; _module_preset=&#8221;default&#8221; custom_css_main_element=&#8221;align-self: center;&#8221; global_colors_info=&#8221;{}&#8221;][et_pb_text _builder_version=&#8221;4.23.1&#8243; _module_preset=&#8221;9a01acd5-a9cd-4cca-b539-43e99553c9c3&#8243; global_colors_info=&#8221;{}&#8221;]<\/p>\n<h2>Paints and coating materials<\/h2>\n<p>[\/et_pb_text][et_pb_divider color=&#8221;#EEEEEE&#8221; divider_weight=&#8221;2px&#8221; _builder_version=&#8221;4.23.1&#8243; _module_preset=&#8221;default&#8221; width=&#8221;20vw&#8221; custom_margin=&#8221;||2%||false|false&#8221; custom_padding=&#8221;||||false|false&#8221; global_colors_info=&#8221;{}&#8221;][\/et_pb_divider][et_pb_text _builder_version=&#8221;4.23.1&#8243; _module_preset=&#8221;default&#8221; global_colors_info=&#8221;{}&#8221;]<\/p>\n<p>Paint mixing systems for wall paints or car refinishes have long been available from well-stocked specialist retailers. SI Coating GmbH operates such a color mixing system, which is specially designed to meet the needs of coil coaters. Many hundreds of shades are immediately available or can be formulated and produced within a very short time. In addition to the usual batch sizes of 25 to 1000 kg, even the smallest quantities of one kilogram can be produced.<\/p>\n<p>The mixing system we have installed already works without PFAS-containing components such as PTFE waxes. We will soon be able to provide an exact CO\u2082 footprint for each coil coating mixed varnish.  <\/p>\n<p>[\/et_pb_text][\/et_pb_column][et_pb_column type=&#8221;1_2&#8243; _builder_version=&#8221;4.23.1&#8243; _module_preset=&#8221;default&#8221; custom_css_main_element=&#8221;align-self: center;&#8221; global_colors_info=&#8221;{}&#8221;][ba_skill_bar title=&#8221;Ihre Vorteile:&#8221; title_spacing_bottom=&#8221;20px&#8221; _builder_version=&#8221;4.24.0&#8243; _module_preset=&#8221;default&#8221; title_text_color=&#8221;#31AAE1&#8243; background_color=&#8221;#FFFFFF&#8221; custom_padding=&#8221;2vw|2vw|2vw|2vw|true|true&#8221; custom_padding_tablet=&#8221;4vw|4vw|4vw|4vw|true|true&#8221; custom_padding_phone=&#8221;4vw|4vw|4vw|4vw|true|true&#8221; custom_padding_last_edited=&#8221;on|phone&#8221; box_shadow_style=&#8221;preset3&#8243; global_colors_info=&#8221;{}&#8221;][ba_skill_bar_child level_bg_color=&#8221;#005796&#8243; name=&#8221;Kurze Ausmusterungs- und Lieferzeiten&#8221; level=&#8221;100%&#8221; is_hide_level=&#8221;on&#8221; name_spacing=&#8221;20px&#8221; _builder_version=&#8221;4.23.1&#8243; _module_preset=&#8221;default&#8221; name_font_size=&#8221;16px&#8221; name_line_height=&#8221;1.35em&#8221; global_colors_info=&#8221;{}&#8221;][\/ba_skill_bar_child][ba_skill_bar_child level_bg_color=&#8221;#005796&#8243; name=&#8221;Chargengr\u00f6\u00dfen nach Ma\u00df&#8221; level=&#8221;100%&#8221; is_hide_level=&#8221;on&#8221; name_spacing=&#8221;20px&#8221; _builder_version=&#8221;4.23.1&#8243; _module_preset=&#8221;default&#8221; name_font_size=&#8221;16px&#8221; name_line_height=&#8221;1.35em&#8221; global_colors_info=&#8221;{}&#8221;][\/ba_skill_bar_child][ba_skill_bar_child level_bg_color=&#8221;#005796&#8243; name=&#8221;Gleichbleibende Qualit\u00e4t&#8221; level=&#8221;100%&#8221; is_hide_level=&#8221;on&#8221; name_spacing=&#8221;20px&#8221; _builder_version=&#8221;4.23.1&#8243; _module_preset=&#8221;default&#8221; name_font_size=&#8221;16px&#8221; name_line_height=&#8221;1.35em&#8221; global_colors_info=&#8221;{}&#8221;][\/ba_skill_bar_child][ba_skill_bar_child level_bg_color=&#8221;#005796&#8243; name=&#8221;PFAS-frei&#8221; level=&#8221;100%&#8221; is_hide_level=&#8221;on&#8221; name_spacing=&#8221;20px&#8221; _builder_version=&#8221;4.24.0&#8243; _module_preset=&#8221;default&#8221; name_font_size=&#8221;16px&#8221; name_line_height=&#8221;1.35em&#8221; global_colors_info=&#8221;{}&#8221;][\/ba_skill_bar_child][\/ba_skill_bar][\/et_pb_column][\/et_pb_row][\/et_pb_section][et_pb_section fb_built=&#8221;1&#8243; _builder_version=&#8221;4.23.1&#8243; _module_preset=&#8221;default&#8221; custom_padding=&#8221;0px||0px||false|false&#8221; global_colors_info=&#8221;{}&#8221;][et_pb_row _builder_version=&#8221;4.23.1&#8243; _module_preset=&#8221;default&#8221; width=&#8221;100%&#8221; max_width=&#8221;97%&#8221; custom_margin=&#8221;||||false|false&#8221; custom_padding=&#8221;0px||0px||false|false&#8221; global_colors_info=&#8221;{}&#8221;][et_pb_column type=&#8221;4_4&#8243; _builder_version=&#8221;4.23.1&#8243; _module_preset=&#8221;default&#8221; global_colors_info=&#8221;{}&#8221;][ba_image_carousel slide_count=&#8221;4&#8243; slide_count_tablet=&#8221;4&#8243; slide_count_phone=&#8221;&#8221; slide_count_last_edited=&#8221;on|desktop&#8221; _builder_version=&#8221;4.23.1&#8243; _module_preset=&#8221;default&#8221; global_colors_info=&#8221;{}&#8221;][ba_image_carousel_child photo=&#8221;https:\/\/www.si-coatings.com\/wp-content\/uploads\/sites\/4\/2024\/01\/1113.jpg&#8221; _builder_version=&#8221;4.23.1&#8243; _module_preset=&#8221;default&#8221; global_colors_info=&#8221;{}&#8221;][\/ba_image_carousel_child][ba_image_carousel_child photo=&#8221;https:\/\/www.si-coatings.com\/wp-content\/uploads\/sites\/4\/2024\/01\/1111.jpg&#8221; _builder_version=&#8221;4.23.1&#8243; _module_preset=&#8221;default&#8221; global_colors_info=&#8221;{}&#8221;][\/ba_image_carousel_child][ba_image_carousel_child photo=&#8221;https:\/\/www.si-coatings.com\/wp-content\/uploads\/sites\/4\/2024\/01\/1112.jpg&#8221; _builder_version=&#8221;4.23.1&#8243; _module_preset=&#8221;default&#8221; global_colors_info=&#8221;{}&#8221;][\/ba_image_carousel_child][ba_image_carousel_child photo=&#8221;https:\/\/www.si-coatings.com\/wp-content\/uploads\/sites\/4\/2024\/01\/1114.jpg&#8221; _builder_version=&#8221;4.23.1&#8243; _module_preset=&#8221;default&#8221; global_colors_info=&#8221;{}&#8221;][\/ba_image_carousel_child][\/ba_image_carousel][\/et_pb_column][\/et_pb_row][\/et_pb_section][et_pb_section fb_built=&#8221;1&#8243; module_id=&#8221;contact-coil-coating&#8221; _builder_version=&#8221;4.24.3&#8243; _module_preset=&#8221;default&#8221; background_enable_color=&#8221;off&#8221; use_background_color_gradient=&#8221;on&#8221; background_color_gradient_direction=&#8221;100deg&#8221; background_color_gradient_stops=&#8221;#005796 0%|rgba(49,170,225,0.7) 100%&#8221; background_color_gradient_overlays_image=&#8221;on&#8221; background_image=&#8221;https:\/\/www.si-coatings.com\/wp-content\/uploads\/sites\/4\/2023\/11\/GettyImages-670230002_k.jpg&#8221; parallax=&#8221;on&#8221; hover_enabled=&#8221;0&#8243; global_colors_info=&#8221;{}&#8221; sticky_enabled=&#8221;0&#8243;][et_pb_row column_structure=&#8221;1_2,1_2&#8243; make_equal=&#8221;on&#8221; _builder_version=&#8221;4.24.0&#8243; _module_preset=&#8221;default&#8221; width_tablet=&#8221;&#8221; width_phone=&#8221;85%&#8221; width_last_edited=&#8221;on|phone&#8221; global_colors_info=&#8221;{}&#8221;][et_pb_column type=&#8221;1_2&#8243; _builder_version=&#8221;4.23.1&#8243; _module_preset=&#8221;default&#8221; custom_css_main_element=&#8221;align-self: center;&#8221; global_colors_info=&#8221;{}&#8221;][et_pb_text _builder_version=&#8221;4.23.1&#8243; _module_preset=&#8221;020e5167-42bf-4957-a2df-a8820b6f33ba&#8221; header_2_font=&#8221;|600|||||||&#8221; header_2_text_color=&#8221;#FFFFFF&#8221; header_2_font_size=&#8221;30px&#8221; global_colors_info=&#8221;{}&#8221;]<\/p>\n<h2>Individual requirements?<\/h2>\n<p>[\/et_pb_text][et_pb_divider color=&#8221;#EEEEEE&#8221; divider_weight=&#8221;2px&#8221; _builder_version=&#8221;4.23.1&#8243; _module_preset=&#8221;default&#8221; width=&#8221;7vw&#8221; width_tablet=&#8221;7vw&#8221; width_phone=&#8221;30%&#8221; width_last_edited=&#8221;on|phone&#8221; custom_margin=&#8221;||2%||false|false&#8221; custom_padding=&#8221;||||false|false&#8221; global_colors_info=&#8221;{}&#8221;][\/et_pb_divider][et_pb_text _builder_version=&#8221;4.23.1&#8243; _module_preset=&#8221;default&#8221; header_3_text_color=&#8221;#FFFFFF&#8221; header_3_font_size=&#8221;20px&#8221; header_3_line_height=&#8221;1.5em&#8221; global_colors_info=&#8221;{}&#8221;]<\/p>\n<h3>If a color cannot be reproduced using our mixing system, we also have the skills to formulate it conventionally from pigment. Just get in touch with us.<\/h3>\n<p>[\/et_pb_text][\/et_pb_column][et_pb_column type=&#8221;1_2&#8243; _builder_version=&#8221;4.23.1&#8243; _module_preset=&#8221;default&#8221; background_color=&#8221;#FFFFFF&#8221; background_enable_color=&#8221;off&#8221; custom_padding=&#8221;2vw|2vw|2vw|2vw|true|true&#8221; custom_padding_tablet=&#8221;4vw|4vw|4vw|4vw|true|true&#8221; custom_padding_phone=&#8221;6vw||6vw||true|true&#8221; custom_padding_last_edited=&#8221;on|phone&#8221; global_colors_info=&#8221;{}&#8221;][et_pb_text _builder_version=&#8221;4.23.1&#8243; _module_preset=&#8221;9a01acd5-a9cd-4cca-b539-43e99553c9c3&#8243; global_colors_info=&#8221;{}&#8221;]<\/p>\n<h2>Get in touch<\/h2>\n<p>[\/et_pb_text][wpforms_selector form_id=&#8221;112&#8243; _builder_version=&#8221;4.23.1&#8243; _module_preset=&#8221;default&#8221; custom_margin=&#8221;||||false|false&#8221; global_colors_info=&#8221;{}&#8221;][\/wpforms_selector][\/et_pb_column][\/et_pb_row][\/et_pb_section]<\/p>\n","protected":false},"excerpt":{"rendered":"<p>Color mixing system for coil coating paintsOur company in Wuppertal offers you a special color mixing system for coil coaters. See our coil coating lacquers for yourself.Paints and coating materialsPaint mixing systems for wall paints or car refinishes have long been available from well-stocked specialist retailers. SI Coating GmbH operates such a color mixing system, [&hellip;]<\/p>\n","protected":false},"author":2,"featured_media":0,"parent":1305,"menu_order":0,"comment_status":"closed","ping_status":"closed","template":"","meta":{"_et_pb_use_builder":"on","_et_pb_old_content":"","_et_gb_content_width":"","footnotes":""},"class_list":["post-1290","page","type-page","status-publish","hentry"],"yoast_head":"<!-- This site is optimized with the Yoast SEO plugin v27.5 - https:\/\/yoast.com\/product\/yoast-seo-wordpress\/ -->\n<title>Coil coating lacquers: SI Coatings GmbH from Wuppertal<\/title>\n<meta name=\"description\" content=\"Our company offers a color mixing system for coil coaters. Convince yourself of our coil coating lacquers.\" \/>\n<meta name=\"robots\" content=\"index, follow, max-snippet:-1, max-image-preview:large, max-video-preview:-1\" \/>\n<link rel=\"canonical\" href=\"https:\/\/www.si-coatings.com\/en\/products\/coil-coating\/\" \/>\n<meta property=\"og:locale\" content=\"en_US\" \/>\n<meta property=\"og:type\" content=\"article\" \/>\n<meta property=\"og:title\" content=\"Coil coating lacquers: SI Coatings GmbH from Wuppertal\" \/>\n<meta property=\"og:description\" content=\"Our company offers a color mixing system for coil coaters. Convince yourself of our coil coating lacquers.\" \/>\n<meta property=\"og:url\" content=\"https:\/\/www.si-coatings.com\/en\/products\/coil-coating\/\" \/>\n<meta property=\"og:site_name\" content=\"SI Coatings\" \/>\n<meta property=\"article:publisher\" content=\"https:\/\/www.facebook.com\/people\/H%c3%bchoco\/100063573637770\/\" \/>\n<meta property=\"article:modified_time\" content=\"2024-04-22T07:47:49+00:00\" \/>\n<meta name=\"twitter:card\" content=\"summary_large_image\" \/>\n<meta name=\"twitter:label1\" content=\"Est. reading time\" \/>\n\t<meta name=\"twitter:data1\" content=\"7 minutes\" \/>\n<script type=\"application\/ld+json\" class=\"yoast-schema-graph\">{\"@context\":\"https:\\\/\\\/schema.org\",\"@graph\":[{\"@type\":\"WebPage\",\"@id\":\"https:\\\/\\\/www.si-coatings.com\\\/en\\\/products\\\/coil-coating\\\/\",\"url\":\"https:\\\/\\\/www.si-coatings.com\\\/en\\\/products\\\/coil-coating\\\/\",\"name\":\"Coil coating lacquers: SI Coatings GmbH from Wuppertal\",\"isPartOf\":{\"@id\":\"https:\\\/\\\/www.si-coatings.com\\\/#website\"},\"datePublished\":\"2023-11-29T10:39:37+00:00\",\"dateModified\":\"2024-04-22T07:47:49+00:00\",\"description\":\"Our company offers a color mixing system for coil coaters. Convince yourself of our coil coating lacquers.\",\"breadcrumb\":{\"@id\":\"https:\\\/\\\/www.si-coatings.com\\\/en\\\/products\\\/coil-coating\\\/#breadcrumb\"},\"inLanguage\":\"en-US\",\"potentialAction\":[{\"@type\":\"ReadAction\",\"target\":[\"https:\\\/\\\/www.si-coatings.com\\\/en\\\/products\\\/coil-coating\\\/\"]}]},{\"@type\":\"BreadcrumbList\",\"@id\":\"https:\\\/\\\/www.si-coatings.com\\\/en\\\/products\\\/coil-coating\\\/#breadcrumb\",\"itemListElement\":[{\"@type\":\"ListItem\",\"position\":1,\"name\":\"Home\",\"item\":\"https:\\\/\\\/www.si-coatings.com\\\/en\\\/\"},{\"@type\":\"ListItem\",\"position\":2,\"name\":\"Products\",\"item\":\"https:\\\/\\\/www.si-coatings.com\\\/en\\\/products\\\/\"},{\"@type\":\"ListItem\",\"position\":3,\"name\":\"Coil Coating\"}]},{\"@type\":\"WebSite\",\"@id\":\"https:\\\/\\\/www.si-coatings.com\\\/#website\",\"url\":\"https:\\\/\\\/www.si-coatings.com\\\/\",\"name\":\"SI Coatings\",\"description\":\"\",\"publisher\":{\"@id\":\"https:\\\/\\\/www.si-coatings.com\\\/#organization\"},\"potentialAction\":[{\"@type\":\"SearchAction\",\"target\":{\"@type\":\"EntryPoint\",\"urlTemplate\":\"https:\\\/\\\/www.si-coatings.com\\\/?s={search_term_string}\"},\"query-input\":{\"@type\":\"PropertyValueSpecification\",\"valueRequired\":true,\"valueName\":\"search_term_string\"}}],\"inLanguage\":\"en-US\"},{\"@type\":\"Organization\",\"@id\":\"https:\\\/\\\/www.si-coatings.com\\\/#organization\",\"name\":\"SI Coatings GmbH\",\"url\":\"https:\\\/\\\/www.si-coatings.com\\\/\",\"logo\":{\"@type\":\"ImageObject\",\"inLanguage\":\"en-US\",\"@id\":\"https:\\\/\\\/www.si-coatings.com\\\/#\\\/schema\\\/logo\\\/image\\\/\",\"url\":\"https:\\\/\\\/www.si-coatings.com\\\/wp-content\\\/uploads\\\/sites\\\/4\\\/2023\\\/11\\\/si_coatings_logo.png\",\"contentUrl\":\"https:\\\/\\\/www.si-coatings.com\\\/wp-content\\\/uploads\\\/sites\\\/4\\\/2023\\\/11\\\/si_coatings_logo.png\",\"width\":1896,\"height\":558,\"caption\":\"SI Coatings GmbH\"},\"image\":{\"@id\":\"https:\\\/\\\/www.si-coatings.com\\\/#\\\/schema\\\/logo\\\/image\\\/\"},\"sameAs\":[\"https:\\\/\\\/www.facebook.com\\\/people\\\/H\u00fchoco\\\/100063573637770\\\/\",\"https:\\\/\\\/de.linkedin.com\\\/company\\\/si-coatings-gmbh\"]}]}<\/script>\n<!-- \/ Yoast SEO plugin. -->","yoast_head_json":{"title":"Coil coating lacquers: SI Coatings GmbH from Wuppertal","description":"Our company offers a color mixing system for coil coaters. Convince yourself of our coil coating lacquers.","robots":{"index":"index","follow":"follow","max-snippet":"max-snippet:-1","max-image-preview":"max-image-preview:large","max-video-preview":"max-video-preview:-1"},"canonical":"https:\/\/www.si-coatings.com\/en\/products\/coil-coating\/","og_locale":"en_US","og_type":"article","og_title":"Coil coating lacquers: SI Coatings GmbH from Wuppertal","og_description":"Our company offers a color mixing system for coil coaters. Convince yourself of our coil coating lacquers.","og_url":"https:\/\/www.si-coatings.com\/en\/products\/coil-coating\/","og_site_name":"SI Coatings","article_publisher":"https:\/\/www.facebook.com\/people\/H%c3%bchoco\/100063573637770\/","article_modified_time":"2024-04-22T07:47:49+00:00","twitter_card":"summary_large_image","twitter_misc":{"Est. reading time":"7 minutes"},"schema":{"@context":"https:\/\/schema.org","@graph":[{"@type":"WebPage","@id":"https:\/\/www.si-coatings.com\/en\/products\/coil-coating\/","url":"https:\/\/www.si-coatings.com\/en\/products\/coil-coating\/","name":"Coil coating lacquers: SI Coatings GmbH from Wuppertal","isPartOf":{"@id":"https:\/\/www.si-coatings.com\/#website"},"datePublished":"2023-11-29T10:39:37+00:00","dateModified":"2024-04-22T07:47:49+00:00","description":"Our company offers a color mixing system for coil coaters. Convince yourself of our coil coating lacquers.","breadcrumb":{"@id":"https:\/\/www.si-coatings.com\/en\/products\/coil-coating\/#breadcrumb"},"inLanguage":"en-US","potentialAction":[{"@type":"ReadAction","target":["https:\/\/www.si-coatings.com\/en\/products\/coil-coating\/"]}]},{"@type":"BreadcrumbList","@id":"https:\/\/www.si-coatings.com\/en\/products\/coil-coating\/#breadcrumb","itemListElement":[{"@type":"ListItem","position":1,"name":"Home","item":"https:\/\/www.si-coatings.com\/en\/"},{"@type":"ListItem","position":2,"name":"Products","item":"https:\/\/www.si-coatings.com\/en\/products\/"},{"@type":"ListItem","position":3,"name":"Coil Coating"}]},{"@type":"WebSite","@id":"https:\/\/www.si-coatings.com\/#website","url":"https:\/\/www.si-coatings.com\/","name":"SI Coatings","description":"","publisher":{"@id":"https:\/\/www.si-coatings.com\/#organization"},"potentialAction":[{"@type":"SearchAction","target":{"@type":"EntryPoint","urlTemplate":"https:\/\/www.si-coatings.com\/?s={search_term_string}"},"query-input":{"@type":"PropertyValueSpecification","valueRequired":true,"valueName":"search_term_string"}}],"inLanguage":"en-US"},{"@type":"Organization","@id":"https:\/\/www.si-coatings.com\/#organization","name":"SI Coatings GmbH","url":"https:\/\/www.si-coatings.com\/","logo":{"@type":"ImageObject","inLanguage":"en-US","@id":"https:\/\/www.si-coatings.com\/#\/schema\/logo\/image\/","url":"https:\/\/www.si-coatings.com\/wp-content\/uploads\/sites\/4\/2023\/11\/si_coatings_logo.png","contentUrl":"https:\/\/www.si-coatings.com\/wp-content\/uploads\/sites\/4\/2023\/11\/si_coatings_logo.png","width":1896,"height":558,"caption":"SI Coatings GmbH"},"image":{"@id":"https:\/\/www.si-coatings.com\/#\/schema\/logo\/image\/"},"sameAs":["https:\/\/www.facebook.com\/people\/H\u00fchoco\/100063573637770\/","https:\/\/de.linkedin.com\/company\/si-coatings-gmbh"]}]}},"_links":{"self":[{"href":"https:\/\/www.si-coatings.com\/en\/wp-json\/wp\/v2\/pages\/1290","targetHints":{"allow":["GET"]}}],"collection":[{"href":"https:\/\/www.si-coatings.com\/en\/wp-json\/wp\/v2\/pages"}],"about":[{"href":"https:\/\/www.si-coatings.com\/en\/wp-json\/wp\/v2\/types\/page"}],"author":[{"embeddable":true,"href":"https:\/\/www.si-coatings.com\/en\/wp-json\/wp\/v2\/users\/2"}],"replies":[{"embeddable":true,"href":"https:\/\/www.si-coatings.com\/en\/wp-json\/wp\/v2\/comments?post=1290"}],"version-history":[{"count":3,"href":"https:\/\/www.si-coatings.com\/en\/wp-json\/wp\/v2\/pages\/1290\/revisions"}],"predecessor-version":[{"id":1445,"href":"https:\/\/www.si-coatings.com\/en\/wp-json\/wp\/v2\/pages\/1290\/revisions\/1445"}],"up":[{"embeddable":true,"href":"https:\/\/www.si-coatings.com\/en\/wp-json\/wp\/v2\/pages\/1305"}],"wp:attachment":[{"href":"https:\/\/www.si-coatings.com\/en\/wp-json\/wp\/v2\/media?parent=1290"}],"curies":[{"name":"wp","href":"https:\/\/api.w.org\/{rel}","templated":true}]}}